{"id":259,"date":"2023-07-29T11:34:08","date_gmt":"2023-07-29T14:34:08","guid":{"rendered":"https:\/\/ekolartcevre.com.tr\/?page_id=259"},"modified":"2023-07-29T11:34:08","modified_gmt":"2023-07-29T14:34:08","slug":"moyden-belgesinin-alinmasi","status":"publish","type":"page","link":"https:\/\/ekolartcevre.com.tr\/?page_id=259","title":{"rendered":"MOYDEN BELGES\u0130N\u0130N ALINMASI"},"content":{"rendered":"\n<div class=\"is-layout-flex wp-container-3 wp-block-columns\">\n<div class=\"is-layout-flow wp-block-column\">\n<figure class=\"wp-block-table\"><table><tbody><tr><td>Motor Ya\u011f\u0131 De\u011fi\u015fim Noktas\u0131 (MOYDEN) Belgesi, motor ya\u011f\u0131 de\u011fi\u015fimi yap\u0131lan akaryak\u0131t istasyonlar\u0131na, tamirhanelerine, servislere ve motor ya\u011f\u0131n\u0131 kendi i\u015fletme b\u00fcnyesinde yapan faaliyetlere \u00c7evre, \u015eehircilik ve \u0130klim De\u011fi\u015fikli\u011fi \u0130l M\u00fcd\u00fcrl\u00fc\u011f\u00fc taraf\u0131ndan verilmektedir <br><br>&nbsp; MOYDEN Belgesine sahip olmayan Kurum\/Kurulu\u015f ve \u0130\u015fletmelerde motor ya\u011f\u0131 de\u011fi\u015fimi yap\u0131lamaz.<\/td><\/tr><\/tbody><\/table><\/figure>\n<\/div>\n\n\n\n<div class=\"is-layout-flow wp-block-column\">\n<div class=\"forminator-guttenberg\"><div class=\"forminator-ui forminator-custom-form forminator-custom-form-260 forminator-design--default  forminator_ajax\" data-forminator-render=\"0\" data-form=\"forminator-module-260\" data-uid=\"69e4c2033f9ad\"><br\/><\/div><form\n\t\t\t\tid=\"forminator-module-260\"\n\t\t\t\tclass=\"forminator-ui forminator-custom-form forminator-custom-form-260 forminator-design--default  forminator_ajax\"\n\t\t\t\tmethod=\"post\"\n\t\t\t\tdata-forminator-render=\"0\"\n\t\t\t\tdata-form-id=\"260\"\n\t\t\t\t\n\t\t\t\tdata-design=\"default\"\n\t\t\t\t\n\t\t\t\t\n\t\t\t\t\n\t\t\t\tdata-grid=\"open\"\n\t\t\t\t\n\t\t\t\t\n\t\t\t\tstyle=\"display: none;\"\n\t\t\t\t\n\t\t\t\tdata-uid=\"69e4c2033f9ad\"\n\t\t\t><div class=\"forminator-response-message forminator-error\" aria-hidden=\"true\"><\/div><div class=\"forminator-row\"><div id=\"name-1\" class=\"forminator-col forminator-col-12 \"><div class=\"forminator-field\"><label for=\"forminator-field-name-1_69e4c2033f9ad\" class=\"forminator-label\">Kurum-Kurulu\u015f Unvan\u0131 <span class=\"forminator-required\">*<\/span><\/label><input type=\"text\" name=\"name-1\" value=\"\" placeholder=\"\" id=\"forminator-field-name-1_69e4c2033f9ad\" class=\"forminator-input forminator-name--field\" aria-required=\"true\" \/><\/div><\/div><\/div><div class=\"forminator-row\"><div id=\"text-1\" class=\"forminator-col forminator-col-12 \"><div class=\"forminator-field\"><label for=\"forminator-field-text-1_69e4c2033f9ad\" class=\"forminator-label\">Faaliyetin Yeri <span class=\"forminator-required\">*<\/span><\/label><input type=\"text\" name=\"text-1\" value=\"\" placeholder=\"\" id=\"forminator-field-text-1_69e4c2033f9ad\" class=\"forminator-input forminator-name--field\" data-required=\"1\" \/><\/div><\/div><\/div><div class=\"forminator-row\"><div id=\"text-3\" class=\"forminator-col forminator-col-12 \"><div class=\"forminator-field\"><label for=\"forminator-field-text-3_69e4c2033f9ad\" class=\"forminator-label\">MOYDEN Belgesi Hangi Faaliyet i\u00e7in Al\u0131nacak <span class=\"forminator-required\">*<\/span><\/label><input type=\"text\" name=\"text-3\" value=\"\" placeholder=\"\" id=\"forminator-field-text-3_69e4c2033f9ad\" class=\"forminator-input forminator-name--field\" data-required=\"1\" \/><\/div><\/div><\/div><div class=\"forminator-row\"><div id=\"name-2\" class=\"forminator-col forminator-col-4 \"><div class=\"forminator-field\"><label for=\"forminator-field-name-2_69e4c2033f9ad\" class=\"forminator-label\">Teklif \u0130steyen Ki\u015fi <span class=\"forminator-required\">*<\/span><\/label><input type=\"text\" name=\"name-2\" value=\"\" placeholder=\"\" id=\"forminator-field-name-2_69e4c2033f9ad\" class=\"forminator-input forminator-name--field\" aria-required=\"true\" \/><\/div><\/div><div id=\"phone-1\" class=\"forminator-col forminator-col-4 \"><div class=\"forminator-field\"><label for=\"forminator-field-phone-1_69e4c2033f9ad\" class=\"forminator-label\">Telefon <span class=\"forminator-required\">*<\/span><\/label><input type=\"text\" name=\"phone-1\" value=\"\" placeholder=\"\" id=\"forminator-field-phone-1_69e4c2033f9ad\" class=\"forminator-input forminator-field--phone\" data-required=\"1\" aria-required=\"true\" autocomplete=\"off\" data-national_mode=\"enabled\" data-country=\"tr\" data-validation=\"standard\" \/><\/div><\/div><div id=\"email-1\" class=\"forminator-col forminator-col-4 \"><div class=\"forminator-field\"><label for=\"forminator-field-email-1_69e4c2033f9ad\" class=\"forminator-label\">E-posta Adresi <span class=\"forminator-required\">*<\/span><\/label><input type=\"email\" name=\"email-1\" value=\"\" placeholder=\"\" id=\"forminator-field-email-1_69e4c2033f9ad\" class=\"forminator-input forminator-email--field\" data-required=\"1\" aria-required=\"true\" \/><\/div><\/div><\/div><div class=\"forminator-row\"><div id=\"textarea-1\" class=\"forminator-col forminator-col-12 \"><div class=\"forminator-field\"><label for=\"forminator-field-textarea-1_69e4c2033f9ad\" class=\"forminator-label\">A\u00e7\u0131klama<\/label><textarea name=\"textarea-1\" placeholder=\"\" id=\"forminator-field-textarea-1_69e4c2033f9ad\" class=\"forminator-textarea\" rows=\"6\" style=\"min-height:140px;\" ><\/textarea><\/div><\/div><\/div><input type=\"hidden\" name=\"referer_url\" value=\"\" \/><div class=\"forminator-row forminator-row-last\"><div class=\"forminator-col\"><div class=\"forminator-field\"><button class=\"forminator-button forminator-button-submit\">Mesaj G&ouml;nder<\/button><\/div><\/div><\/div><input type=\"hidden\" id=\"forminator_nonce\" name=\"forminator_nonce\" value=\"fcc0bc0a0d\" \/><input type=\"hidden\" name=\"_wp_http_referer\" value=\"\/index.php?rest_route=%2Fwp%2Fv2%2Fpages%2F259\" \/><input type=\"hidden\" name=\"form_id\" value=\"260\"><input type=\"hidden\" name=\"page_id\" value=\"259\"><input type=\"hidden\" name=\"form_type\" value=\"default\"><input type=\"hidden\" name=\"current_url\" value=\"https:\/\/ekolartcevre.com.tr\/?page_id=259\"><input type=\"hidden\" name=\"render_id\" value=\"0\"><input type=\"hidden\" name=\"action\" value=\"forminator_submit_form_custom-forms\"><\/form><\/div>\n<\/div>\n<\/div>\n","protected":false},"excerpt":{"rendered":"<p>Motor Ya\u011f\u0131 De\u011fi\u015fim Noktas\u0131 (MOYDEN) Belgesi, motor ya\u011f\u0131 de\u011fi\u015fimi yap\u0131lan akaryak\u0131t istasyonlar\u0131na, tamirhanelerine, servislere ve motor ya\u011f\u0131n\u0131 kendi i\u015fletme b\u00fcnyesinde yapan faaliyetlere \u00c7evre, \u015eehircilik ve \u0130klim De\u011fi\u015fikli\u011fi \u0130l M\u00fcd\u00fcrl\u00fc\u011f\u00fc taraf\u0131ndan verilmektedir &nbsp; MOYDEN Belgesine sahip olmayan Kurum\/Kurulu\u015f ve \u0130\u015fletmelerde motor ya\u011f\u0131 de\u011fi\u015fimi yap\u0131lamaz.<\/p>\n","protected":false},"author":1,"featured_media":0,"parent":0,"menu_order":0,"comment_status":"closed","ping_status":"closed","template":"","meta":{"_uag_custom_page_level_css":"","site-sidebar-layout":"default","site-content-layout":"default","ast-global-header-display":"","ast-main-header-display":"","ast-hfb-above-header-display":"","ast-hfb-below-header-display":"","ast-hfb-mobile-header-display":"","site-post-title":"","ast-breadcrumbs-content":"","ast-featured-img":"","footer-sml-layout":"","theme-transparent-header-meta":"","adv-header-id-meta":"","stick-header-meta":"","header-above-stick-meta":"","header-main-stick-meta":"","header-below-stick-meta":""},"uagb_featured_image_src":{"full":false,"thumbnail":false,"medium":false,"medium_large":false,"large":false,"1536x1536":false,"2048x2048":false},"uagb_author_info":{"display_name":"admin","author_link":"https:\/\/ekolartcevre.com.tr\/?author=1"},"uagb_comment_info":0,"uagb_excerpt":"Motor Ya\u011f\u0131 De\u011fi\u015fim Noktas\u0131 (MOYDEN) Belgesi, motor ya\u011f\u0131 de\u011fi\u015fimi yap\u0131lan akaryak\u0131t istasyonlar\u0131na, tamirhanelerine, servislere ve motor ya\u011f\u0131n\u0131 kendi i\u015fletme b\u00fcnyesinde yapan faaliyetlere \u00c7evre, \u015eehircilik ve \u0130klim De\u011fi\u015fikli\u011fi \u0130l M\u00fcd\u00fcrl\u00fc\u011f\u00fc taraf\u0131ndan verilmektedir &nbsp; MOYDEN Belgesine sahip olmayan Kurum\/Kurulu\u015f ve \u0130\u015fletmelerde motor ya\u011f\u0131 de\u011fi\u015fimi yap\u0131lamaz.","_links":{"self":[{"href":"https:\/\/ekolartcevre.com.tr\/index.php?rest_route=\/wp\/v2\/pages\/259"}],"collection":[{"href":"https:\/\/ekolartcevre.com.tr\/index.php?rest_route=\/wp\/v2\/pages"}],"about":[{"href":"https:\/\/ekolartcevre.com.tr\/index.php?rest_route=\/wp\/v2\/types\/page"}],"author":[{"embeddable":true,"href":"https:\/\/ekolartcevre.com.tr\/index.php?rest_route=\/wp\/v2\/users\/1"}],"replies":[{"embeddable":true,"href":"https:\/\/ekolartcevre.com.tr\/index.php?rest_route=%2Fwp%2Fv2%2Fcomments&post=259"}],"version-history":[{"count":1,"href":"https:\/\/ekolartcevre.com.tr\/index.php?rest_route=\/wp\/v2\/pages\/259\/revisions"}],"predecessor-version":[{"id":261,"href":"https:\/\/ekolartcevre.com.tr\/index.php?rest_route=\/wp\/v2\/pages\/259\/revisions\/261"}],"wp:attachment":[{"href":"https:\/\/ekolartcevre.com.tr\/index.php?rest_route=%2Fwp%2Fv2%2Fmedia&parent=259"}],"curies":[{"name":"wp","href":"https:\/\/api.w.org\/{rel}","templated":true}]}}