{"id":252,"date":"2023-07-29T11:28:18","date_gmt":"2023-07-29T14:28:18","guid":{"rendered":"https:\/\/ekolartcevre.com.tr\/?page_id=252"},"modified":"2023-07-29T11:30:12","modified_gmt":"2023-07-29T14:30:12","slug":"252-2","status":"publish","type":"page","link":"https:\/\/ekolartcevre.com.tr\/?page_id=252","title":{"rendered":""},"content":{"rendered":"\n<p><strong>at\u0131klara ili\u015fkin faaliyetlerde F\u0130Z\u0130B\u0130L\u0130TE RAPORUNUN \/ \u0130\u015eLETME PLANININ \/ DENEME YAKMASI PLANININ HAZIRLANMASI<\/strong><\/p>\n\n\n\n<div class=\"is-layout-flex wp-container-3 wp-block-columns\">\n<div class=\"is-layout-flow wp-block-column\">\n<figure class=\"wp-block-table\"><table><tbody><tr><td>At\u0131k Y\u00f6netimi Y\u00f6netmeli\u011fi\u2019nin Ek-4\u2019\u00fcnde belirtilen at\u0131klara ili\u015fkin olarak yap\u0131lacak; d\u00fczenli depolama, kompost, mekanik ay\u0131rma, biyokurutma, biyometanizasyon, fermente \u00fcr\u00fcn, at\u0131ktan t\u00fcretilmi\u015f yak\u0131t, alternatif hammadde, at\u0131k yakma, vb. faaliyetleri i\u00e7in Mahalli \u00c7evre Kurulu (M\u00c7K) karar\u0131n\u0131n al\u0131nmas\u0131, At\u0131k Fizibilite Raporlar\u0131n\u0131n-\u0130\u015fletme Planlar\u0131n\u0131n haz\u0131rlat\u0131lmas\u0131\u00a0 gerekmektedir. \u00a0 <br><br>Tar\u0131m veya ormanc\u0131l\u0131k \u00fcr\u00fcn\u00fc olan ve tamam\u0131 veya bir k\u0131sm\u0131 i\u00e7indeki enerjiyi geri kazanmak amac\u0131yla yak\u0131t olarak kullan\u0131labilen bitkisel maddelerin tamam\u0131 veya bir k\u0131sm\u0131ndan olu\u015fan \u00fcr\u00fcnler, tar\u0131m ve ormanc\u0131l\u0131ktan kaynaklanan bitkisel at\u0131klar, ortaya \u00e7\u0131kan \u0131s\u0131 geri kazan\u0131labiliyorsa g\u0131da i\u015fleme sanayisinden kaynaklanan bitkisel at\u0131k, \u00fcretim mahallinde birlikte yak\u0131l\u0131yorsa ve ortaya \u00e7\u0131kan enerji geri kazan\u0131l\u0131yorsa ka\u011f\u0131t hamuru \u00fcretimi ve ka\u011f\u0131t hamurundan ka\u011f\u0131t \u00fcretimi s\u0131ras\u0131nda olu\u015fan lifli bitkisel at\u0131klar\u0131 manata at\u0131\u011f\u0131, ah\u015fap koruyucular\u0131 ve kaplamalar\u0131 ile muamele neticesi halojenli organik bile\u015fikler veya a\u011f\u0131r metaller ihtiva eden ve \u00f6zellikle in\u015faat veya y\u0131k\u0131m at\u0131klar\u0131ndan kaynaklanan at\u0131klar\u0131 hari\u00e7 olmak \u00fczere odun at\u0131klar\u0131 Biyok\u00fctle olarak tan\u0131mlanmaktad\u0131r. <br><br>Biyok\u00fctle at\u0131klar i\u00e7in M\u00c7K Karar\u0131 al\u0131nmas\u0131 ve At\u0131k Fizibilite Raporu haz\u0131rlanmas\u0131 gerekmemektedir. \u00a0 Ancak At\u0131k Y\u00f6netimi Y\u00f6netmeli\u011fi\u2019nin Ek-4\u2019\u00fcnde yer alan at\u0131k kodlar\u0131 a\u00e7\u0131klamalar\u0131nda 1 dip notu varsa; bu at\u0131klar i\u00e7in T\u00dcRKAK taraf\u0131ndan akredite uygunluk de\u011ferlendirme Kurulu\u015flar\u0131nca TS-EN-ISO 17225 Standart Serisine uygunlu\u011fu verilmesi ve T.C. \u00c7evre, \u015eehircilik ve \u0130klim De\u011fi\u015fikli\u011fi Bakanl\u0131\u011f\u0131\u2019na sunulmas\u0131 halinde M\u00c7K Karar\u0131n\u0131n al\u0131nmas\u0131na ve Fizibilite Raporlar\u0131n\u0131n haz\u0131rlat\u0131lmas\u0131 gerekmemektedir. Ama bu t\u00fcr at\u0131klar ile birlikte herhangi bir at\u0131k tesise kabul ediliyorsa M\u00c7K Karar\u0131 al\u0131nmas\u0131 ve Fizibilite Raporunun haz\u0131rlat\u0131lmas\u0131 gerekmektedir. \u00a0 Kompost, mekanik ay\u0131rma, biyokurutma, biyometanizasyon, fermente \u00fcr\u00fcn faaliyetlerinde yerle\u015fim alanlar\u0131na en az 250 m. mesafe olmas\u0131 gerekmektedir. \u00a0 M\u00c7K Karar\u0131 al\u0131nd\u0131ktan sonra, At\u0131k Fizibilite Raporu haz\u0131rlan\u0131r ve At\u0131k Fizibilite Raporu onay\u0131 al\u0131nmadan \u00c7ED s\u00fcrecine ba\u015flanamaz. \u00c7ED s\u00fcrecinin olumlu olarak sonu\u00e7land\u0131r\u0131lmas\u0131ndan ve faaliyetin in\u015faat\u0131 tamamlanarak T.C. \u00c7evre \u015eehircilik ve \u0130klim De\u011fi\u015fikli\u011fi \u0130l M\u00fcd\u00fcrl\u00fc\u011f\u00fcnden Uygunluk Yaz\u0131s\u0131n\u0131n al\u0131nmas\u0131ndan sonra \u0130\u015fletme Plan\u0131n\u0131n haz\u0131rlat\u0131larak T.C. \u00c7evre, \u015eehircilik ve \u0130klim De\u011fi\u015fikli\u011fi Bakanl\u0131\u011f\u0131\u2019ndan onay al\u0131nmas\u0131 gerekmektedir.<br><br> Deneme Yakmas\u0131 Plan\u0131 ise Ge\u00e7ici Faaliyet Belgesi ba\u015fvurusu s\u0131ras\u0131nda haz\u0131rlat\u0131larak T.C. \u00c7evre, \u015eehircilik ve \u0130klim De\u011fi\u015fikli\u011fi Bakanl\u0131\u011f\u0131\u2019na sunulmas\u0131 gerekmektedir. \u00a0 <br><br>Yanma sonucunda olu\u015facak emisyonlar\u0131n s\u0131n\u0131r de\u011ferleri; a. Biyok\u00fctle yakan faaliyetlerde Sanayi Kaynakl\u0131 Hava Kirlili\u011finin Kontrol\u00fc Y\u00f6netmeli\u011fi\u2019ne g\u00f6re, b. At\u0131k Y\u00f6netimi Y\u00f6netmeli\u011fi\u2019nin Ek-4\u2019\u00fcnde 1 dip notu varsa ve TS_EN_ISO 17225 Uygunluk Belgesi al\u0131nan at\u0131klar i\u00e7in Sanayi Kaynakl\u0131 Hava Kirlili\u011finin Kontrol\u00fc Y\u00f6netmeli\u011fi\u2019ne g\u00f6re, c. a ve b bentlerinde belirtilen\u00a0 at\u0131klar ile birlikte herhangi bir ba\u015fka at\u0131\u011f\u0131 yakan faaliyetlerde At\u0131klar\u0131n Yak\u0131lmas\u0131na \u0130li\u015fkin Y\u00f6netmeli\u011fe g\u00f6re, \u00e7. a ve b\u00a0 bentlerinde belirtilen \u015fartlar\u0131 sa\u011flayan at\u0131klar\u0131 yakan faaliyetlerde At\u0131klar\u0131n Yak\u0131lmas\u0131na \u0130li\u015fkin Y\u00f6netmeli\u011fe g\u00f6re, d. a ve b\u00a0 bentlerinde belirtilmeyen at\u0131klar\u0131 yakan faaliyetlerde At\u0131klar\u0131n Yak\u0131lmas\u0131na \u0130li\u015fkin Y\u00f6netmeli\u011fe g\u00f6re, de\u011ferlendirme yap\u0131l\u0131r. \u00a0 \u00a0<br><br>\u015eirketimiz M\u00c7K Kararlar\u0131n\u0131n al\u0131nmas\u0131 i\u00e7in gerekli ba\u015fvuru dosyas\u0131n\u0131, At\u0131k Fizibilite Raporlar\u0131 ile \u0130\u015fletme Plan\u0131 ve Deneme Yakmas\u0131 Plan\u0131n\u0131 haz\u0131rlamaya yetkili Kurulu\u015ftur.<\/td><\/tr><\/tbody><\/table><\/figure>\n<\/div>\n\n\n\n<div class=\"is-layout-flow wp-block-column\">\n<div class=\"forminator-guttenberg\"><div class=\"forminator-ui forminator-custom-form forminator-custom-form-255 forminator-design--default  forminator_ajax\" data-forminator-render=\"0\" data-form=\"forminator-module-255\" data-uid=\"69e4c1b66b259\"><br\/><\/div><form\n\t\t\t\tid=\"forminator-module-255\"\n\t\t\t\tclass=\"forminator-ui forminator-custom-form forminator-custom-form-255 forminator-design--default  forminator_ajax\"\n\t\t\t\tmethod=\"post\"\n\t\t\t\tdata-forminator-render=\"0\"\n\t\t\t\tdata-form-id=\"255\"\n\t\t\t\t\n\t\t\t\tdata-design=\"default\"\n\t\t\t\t\n\t\t\t\t\n\t\t\t\t\n\t\t\t\tdata-grid=\"open\"\n\t\t\t\t\n\t\t\t\t\n\t\t\t\tstyle=\"display: none;\"\n\t\t\t\t\n\t\t\t\tdata-uid=\"69e4c1b66b259\"\n\t\t\t><div class=\"forminator-response-message forminator-error\" aria-hidden=\"true\"><\/div><div class=\"forminator-row\"><div id=\"name-1\" class=\"forminator-col forminator-col-12 \"><div class=\"forminator-field\"><label for=\"forminator-field-name-1_69e4c1b66b259\" class=\"forminator-label\">Kurum-Kurulu\u015f Unvan\u0131 <span class=\"forminator-required\">*<\/span><\/label><input type=\"text\" name=\"name-1\" value=\"\" placeholder=\"\" id=\"forminator-field-name-1_69e4c1b66b259\" class=\"forminator-input forminator-name--field\" aria-required=\"true\" \/><\/div><\/div><\/div><div class=\"forminator-row\"><div id=\"text-2\" class=\"forminator-col forminator-col-12 \"><div class=\"forminator-field\"><label for=\"forminator-field-text-2_69e4c1b66b259\" class=\"forminator-label\">Faaliyet T\u00fcr\u00fc <span class=\"forminator-required\">*<\/span><\/label><input type=\"text\" name=\"text-2\" value=\"\" placeholder=\"\" id=\"forminator-field-text-2_69e4c1b66b259\" class=\"forminator-input forminator-name--field\" data-required=\"1\" \/><\/div><\/div><\/div><div class=\"forminator-row\"><div id=\"text-1\" class=\"forminator-col forminator-col-12 \"><div class=\"forminator-field\"><label for=\"forminator-field-text-1_69e4c1b66b259\" class=\"forminator-label\">Faaliyetin Yeri <span class=\"forminator-required\">*<\/span><\/label><input type=\"text\" name=\"text-1\" value=\"\" placeholder=\"\" id=\"forminator-field-text-1_69e4c1b66b259\" class=\"forminator-input forminator-name--field\" data-required=\"1\" \/><\/div><\/div><\/div><div class=\"forminator-row\"><div id=\"text-3\" class=\"forminator-col forminator-col-12 \"><div class=\"forminator-field\"><label for=\"forminator-field-text-3_69e4c1b66b259\" class=\"forminator-label\">\u0130stenen Hizmet <span class=\"forminator-required\">*<\/span><\/label><input type=\"text\" name=\"text-3\" value=\"\" placeholder=\"\" id=\"forminator-field-text-3_69e4c1b66b259\" class=\"forminator-input forminator-name--field\" data-required=\"1\" \/><\/div><\/div><\/div><div class=\"forminator-row\"><div id=\"name-2\" class=\"forminator-col forminator-col-4 \"><div class=\"forminator-field\"><label for=\"forminator-field-name-2_69e4c1b66b259\" class=\"forminator-label\">Teklif \u0130steyen Ki\u015fi <span class=\"forminator-required\">*<\/span><\/label><input type=\"text\" name=\"name-2\" value=\"\" placeholder=\"\" id=\"forminator-field-name-2_69e4c1b66b259\" class=\"forminator-input forminator-name--field\" aria-required=\"true\" \/><\/div><\/div><div id=\"phone-1\" class=\"forminator-col forminator-col-4 \"><div class=\"forminator-field\"><label for=\"forminator-field-phone-1_69e4c1b66b259\" class=\"forminator-label\">Telefon <span class=\"forminator-required\">*<\/span><\/label><input type=\"text\" name=\"phone-1\" value=\"\" placeholder=\"\" id=\"forminator-field-phone-1_69e4c1b66b259\" class=\"forminator-input forminator-field--phone\" data-required=\"1\" aria-required=\"true\" autocomplete=\"off\" data-national_mode=\"enabled\" data-country=\"tr\" data-validation=\"standard\" \/><\/div><\/div><div id=\"email-1\" class=\"forminator-col forminator-col-4 \"><div class=\"forminator-field\"><label for=\"forminator-field-email-1_69e4c1b66b259\" class=\"forminator-label\">E-posta Adresi <span class=\"forminator-required\">*<\/span><\/label><input type=\"email\" name=\"email-1\" value=\"\" placeholder=\"\" id=\"forminator-field-email-1_69e4c1b66b259\" class=\"forminator-input forminator-email--field\" data-required=\"1\" aria-required=\"true\" \/><\/div><\/div><\/div><div class=\"forminator-row\"><div id=\"textarea-1\" class=\"forminator-col forminator-col-12 \"><div class=\"forminator-field\"><label for=\"forminator-field-textarea-1_69e4c1b66b259\" class=\"forminator-label\">A\u00e7\u0131klama<\/label><textarea name=\"textarea-1\" placeholder=\"\" id=\"forminator-field-textarea-1_69e4c1b66b259\" class=\"forminator-textarea\" rows=\"6\" style=\"min-height:140px;\" ><\/textarea><\/div><\/div><\/div><input type=\"hidden\" name=\"referer_url\" value=\"\" \/><div class=\"forminator-row forminator-row-last\"><div class=\"forminator-col\"><div class=\"forminator-field\"><button class=\"forminator-button forminator-button-submit\">Mesaj G&ouml;nder<\/button><\/div><\/div><\/div><input type=\"hidden\" id=\"forminator_nonce\" name=\"forminator_nonce\" value=\"fcc0bc0a0d\" \/><input type=\"hidden\" name=\"_wp_http_referer\" value=\"\/index.php?rest_route=%2Fwp%2Fv2%2Fpages%2F252\" \/><input type=\"hidden\" name=\"form_id\" value=\"255\"><input type=\"hidden\" name=\"page_id\" value=\"252\"><input type=\"hidden\" name=\"form_type\" value=\"default\"><input type=\"hidden\" name=\"current_url\" value=\"https:\/\/ekolartcevre.com.tr\/?page_id=252\"><input type=\"hidden\" name=\"render_id\" value=\"0\"><input type=\"hidden\" name=\"action\" value=\"forminator_submit_form_custom-forms\"><\/form><\/div>\n<\/div>\n<\/div>\n","protected":false},"excerpt":{"rendered":"<p>at\u0131klara ili\u015fkin faaliyetlerde F\u0130Z\u0130B\u0130L\u0130TE RAPORUNUN \/ \u0130\u015eLETME PLANININ \/ DENEME YAKMASI PLANININ HAZIRLANMASI At\u0131k Y\u00f6netimi Y\u00f6netmeli\u011fi\u2019nin Ek-4\u2019\u00fcnde belirtilen at\u0131klara ili\u015fkin olarak yap\u0131lacak; d\u00fczenli depolama, kompost, mekanik ay\u0131rma, biyokurutma, biyometanizasyon, fermente \u00fcr\u00fcn, at\u0131ktan t\u00fcretilmi\u015f yak\u0131t, alternatif hammadde, at\u0131k yakma, vb. faaliyetleri i\u00e7in Mahalli \u00c7evre Kurulu (M\u00c7K) karar\u0131n\u0131n al\u0131nmas\u0131, At\u0131k Fizibilite Raporlar\u0131n\u0131n-\u0130\u015fletme Planlar\u0131n\u0131n haz\u0131rlat\u0131lmas\u0131\u00a0 gerekmektedir. \u00a0 Tar\u0131m &hellip;<\/p>\n<p class=\"read-more\"> <a class=\"\" href=\"https:\/\/ekolartcevre.com.tr\/?page_id=252\">  Devam\u0131 &raquo;<\/a><\/p>\n","protected":false},"author":1,"featured_media":0,"parent":0,"menu_order":0,"comment_status":"closed","ping_status":"closed","template":"","meta":{"_uag_custom_page_level_css":"","site-sidebar-layout":"default","site-content-layout":"default","ast-global-header-display":"","ast-main-header-display":"","ast-hfb-above-header-display":"","ast-hfb-below-header-display":"","ast-hfb-mobile-header-display":"","site-post-title":"","ast-breadcrumbs-content":"","ast-featured-img":"","footer-sml-layout":"","theme-transparent-header-meta":"","adv-header-id-meta":"","stick-header-meta":"","header-above-stick-meta":"","header-main-stick-meta":"","header-below-stick-meta":""},"uagb_featured_image_src":{"full":false,"thumbnail":false,"medium":false,"medium_large":false,"large":false,"1536x1536":false,"2048x2048":false},"uagb_author_info":{"display_name":"admin","author_link":"https:\/\/ekolartcevre.com.tr\/?author=1"},"uagb_comment_info":0,"uagb_excerpt":"at\u0131klara ili\u015fkin faaliyetlerde F\u0130Z\u0130B\u0130L\u0130TE RAPORUNUN \/ \u0130\u015eLETME PLANININ \/ DENEME YAKMASI PLANININ HAZIRLANMASI At\u0131k Y\u00f6netimi Y\u00f6netmeli\u011fi\u2019nin Ek-4\u2019\u00fcnde belirtilen at\u0131klara ili\u015fkin olarak yap\u0131lacak; d\u00fczenli depolama, kompost, mekanik ay\u0131rma, biyokurutma, biyometanizasyon, fermente \u00fcr\u00fcn, at\u0131ktan t\u00fcretilmi\u015f yak\u0131t, alternatif hammadde, at\u0131k yakma, vb. faaliyetleri i\u00e7in Mahalli \u00c7evre Kurulu (M\u00c7K) karar\u0131n\u0131n al\u0131nmas\u0131, At\u0131k Fizibilite Raporlar\u0131n\u0131n-\u0130\u015fletme Planlar\u0131n\u0131n haz\u0131rlat\u0131lmas\u0131\u00a0 gerekmektedir. \u00a0 Tar\u0131m&hellip;","_links":{"self":[{"href":"https:\/\/ekolartcevre.com.tr\/index.php?rest_route=\/wp\/v2\/pages\/252"}],"collection":[{"href":"https:\/\/ekolartcevre.com.tr\/index.php?rest_route=\/wp\/v2\/pages"}],"about":[{"href":"https:\/\/ekolartcevre.com.tr\/index.php?rest_route=\/wp\/v2\/types\/page"}],"author":[{"embeddable":true,"href":"https:\/\/ekolartcevre.com.tr\/index.php?rest_route=\/wp\/v2\/users\/1"}],"replies":[{"embeddable":true,"href":"https:\/\/ekolartcevre.com.tr\/index.php?rest_route=%2Fwp%2Fv2%2Fcomments&post=252"}],"version-history":[{"count":4,"href":"https:\/\/ekolartcevre.com.tr\/index.php?rest_route=\/wp\/v2\/pages\/252\/revisions"}],"predecessor-version":[{"id":258,"href":"https:\/\/ekolartcevre.com.tr\/index.php?rest_route=\/wp\/v2\/pages\/252\/revisions\/258"}],"wp:attachment":[{"href":"https:\/\/ekolartcevre.com.tr\/index.php?rest_route=%2Fwp%2Fv2%2Fmedia&parent=252"}],"curies":[{"name":"wp","href":"https:\/\/api.w.org\/{rel}","templated":true}]}}