{"id":240,"date":"2023-07-29T11:18:13","date_gmt":"2023-07-29T14:18:13","guid":{"rendered":"https:\/\/ekolartcevre.com.tr\/?page_id=240"},"modified":"2023-07-29T11:18:13","modified_gmt":"2023-07-29T14:18:13","slug":"proje-ilerleme-raporlari","status":"publish","type":"page","link":"https:\/\/ekolartcevre.com.tr\/?page_id=240","title":{"rendered":"PROJE \u0130LERLEME RAPORLARI"},"content":{"rendered":"\n<div class=\"is-layout-flex wp-container-4 wp-block-columns\">\n<div class=\"is-layout-flow wp-block-column\">\n<figure class=\"wp-block-image size-large is-resized\"><img decoding=\"async\" loading=\"lazy\" src=\"https:\/\/ekolartcevre.com.tr\/wp-content\/uploads\/2023\/06\/projeilerleme-1024x731.jpg\" alt=\"\" class=\"wp-image-241\" width=\"318\" height=\"226\" srcset=\"https:\/\/ekolartcevre.com.tr\/wp-content\/uploads\/2023\/06\/projeilerleme-1024x731.jpg 1024w, https:\/\/ekolartcevre.com.tr\/wp-content\/uploads\/2023\/06\/projeilerleme-300x214.jpg 300w, https:\/\/ekolartcevre.com.tr\/wp-content\/uploads\/2023\/06\/projeilerleme-768x548.jpg 768w, https:\/\/ekolartcevre.com.tr\/wp-content\/uploads\/2023\/06\/projeilerleme.jpg 1208w\" sizes=\"(max-width: 318px) 100vw, 318px\" \/><\/figure>\n<\/div>\n\n\n\n<div class=\"is-layout-flow wp-block-column\">\n<figure class=\"wp-block-table\"><table><tbody><tr><td>\u00c7evresel Etki De\u011ferlendirmesi Y\u00f6netmeli\u011fi ve \u00c7evresel Etki De\u011ferlendirmesi Yeterlik Belgesi Tebli\u011fi&nbsp; gere\u011fince <br><br>\u00c7ED Olumlu karar\u0131 verilen projelerin proje sahibi; \u00c7ED s\u00fcrecinde \u0130nceleme De\u011ferlendirme Komisyonu taraf\u0131ndan belirlenen periyotlarda yat\u0131r\u0131mda kaydedilen geli\u015fmeleri i\u00e7eren Proje \u0130lerleme Raporunu T.C. \u00c7evre, \u015eehircilik ve \u0130klim De\u011fi\u015fikli\u011fi Bakanl\u0131\u011f\u0131ndan \u00c7ED Yeterlik Belgesine sahip Kurum\/Kurulu\u015flardan ve s\u00f6z konusu projeye ili\u015fkin \u00c7ED Raporunu haz\u0131rlamayan Kurum\/Kurulu\u015fa haz\u0131rlatarak T.C. \u00c7evre, \u015eehircilik ve \u0130klim De\u011fi\u015fikli\u011fi Bakanl\u0131\u011f\u0131\u2019na elektronik ortamda g\u00f6nderilmesini sa\u011flamakla ve yap\u0131lacak denetimlerde ibraz etmekle y\u00fck\u00fcml\u00fcd\u00fcr.<br><br> &nbsp; \u015eirketimiz T.C. \u00c7evre, \u015eehircilik ve \u0130klim De\u011fi\u015fikli\u011fi Bakanl\u0131\u011f\u0131ndan Proje \u0130lerleme Raporlar\u0131n\u0131 haz\u0131rlamaya yetkili bir kurulu\u015ftur.<br><\/td><\/tr><\/tbody><\/table><\/figure>\n<\/div>\n\n\n\n<div class=\"is-layout-flow wp-block-column\">\n<div class=\"forminator-guttenberg\"><div class=\"forminator-ui forminator-custom-form forminator-custom-form-250 forminator-design--default  forminator_ajax\" data-forminator-render=\"0\" data-form=\"forminator-module-250\" data-uid=\"69e4c209507e8\"><br\/><\/div><form\n\t\t\t\tid=\"forminator-module-250\"\n\t\t\t\tclass=\"forminator-ui forminator-custom-form forminator-custom-form-250 forminator-design--default  forminator_ajax\"\n\t\t\t\tmethod=\"post\"\n\t\t\t\tdata-forminator-render=\"0\"\n\t\t\t\tdata-form-id=\"250\"\n\t\t\t\t\n\t\t\t\tdata-design=\"default\"\n\t\t\t\t\n\t\t\t\t\n\t\t\t\t\n\t\t\t\tdata-grid=\"open\"\n\t\t\t\t\n\t\t\t\t\n\t\t\t\tstyle=\"display: none;\"\n\t\t\t\t\n\t\t\t\tdata-uid=\"69e4c209507e8\"\n\t\t\t><div class=\"forminator-response-message forminator-error\" aria-hidden=\"true\"><\/div><div class=\"forminator-row\"><div id=\"name-1\" class=\"forminator-col forminator-col-12 \"><div class=\"forminator-field\"><label for=\"forminator-field-name-1_69e4c209507e8\" class=\"forminator-label\">Kurum-Kurulu\u015f Unvan\u0131 <span class=\"forminator-required\">*<\/span><\/label><input type=\"text\" name=\"name-1\" value=\"\" placeholder=\"\" id=\"forminator-field-name-1_69e4c209507e8\" class=\"forminator-input forminator-name--field\" aria-required=\"true\" \/><\/div><\/div><\/div><div class=\"forminator-row\"><div id=\"text-2\" class=\"forminator-col forminator-col-12 \"><div class=\"forminator-field\"><label for=\"forminator-field-text-2_69e4c209507e8\" class=\"forminator-label\">Faaliyet T\u00fcr\u00fc <span class=\"forminator-required\">*<\/span><\/label><input type=\"text\" name=\"text-2\" value=\"\" placeholder=\"\" id=\"forminator-field-text-2_69e4c209507e8\" class=\"forminator-input forminator-name--field\" data-required=\"1\" \/><\/div><\/div><\/div><div class=\"forminator-row\"><div id=\"text-1\" class=\"forminator-col forminator-col-12 \"><div class=\"forminator-field\"><label for=\"forminator-field-text-1_69e4c209507e8\" class=\"forminator-label\">Faaliyetin Yeri <span class=\"forminator-required\">*<\/span><\/label><input type=\"text\" name=\"text-1\" value=\"\" placeholder=\"\" id=\"forminator-field-text-1_69e4c209507e8\" class=\"forminator-input forminator-name--field\" data-required=\"1\" \/><\/div><\/div><\/div><div class=\"forminator-row\"><div id=\"date-1\" class=\"forminator-col forminator-col-12 \"><div class=\"forminator-field\"><label for=\"forminator-field-date-1-picker_69e4c209507e8\" class=\"forminator-label\">\u00c7ED Olumlu Karar Tarihi <span class=\"forminator-required\">*<\/span><\/label><div class=\"forminator-input-with-icon\"><label for=\"forminator-field-date-1-picker_69e4c209507e8\"><span class=\"forminator-icon-calendar\" aria-hidden=\"true\"><\/span><\/label><input autocomplete=\"off\" type=\"text\" size=\"1\" name=\"date-1\" value=\"19-04-2026\" placeholder=\"Tarih Se\u00e7\" id=\"forminator-field-date-1-picker_69e4c209507e8\" class=\"forminator-input forminator-datepicker\" data-required=\"1\" data-format=\"dd-mm-yy\" data-restrict-type=\"\" data-restrict=\"\" data-start-year=\"1926\" data-end-year=\"2126\" data-past-dates=\"enable\" data-start-of-week=\"1\" data-start-date=\"\" data-end-date=\"\" data-start-field=\"\" data-end-field=\"\" data-start-offset=\"\" data-end-offset=\"\" data-disable-date=\"\" data-disable-range=\"\" \/><\/div><\/div><\/div><\/div><div class=\"forminator-row\"><div id=\"name-2\" class=\"forminator-col forminator-col-4 \"><div class=\"forminator-field\"><label for=\"forminator-field-name-2_69e4c209507e8\" class=\"forminator-label\">Teklif \u0130steyen Ki\u015fi <span class=\"forminator-required\">*<\/span><\/label><input type=\"text\" name=\"name-2\" value=\"\" placeholder=\"\" id=\"forminator-field-name-2_69e4c209507e8\" class=\"forminator-input forminator-name--field\" aria-required=\"true\" \/><\/div><\/div><div id=\"phone-1\" class=\"forminator-col forminator-col-4 \"><div class=\"forminator-field\"><label for=\"forminator-field-phone-1_69e4c209507e8\" class=\"forminator-label\">Telefon <span class=\"forminator-required\">*<\/span><\/label><input type=\"text\" name=\"phone-1\" value=\"\" placeholder=\"\" id=\"forminator-field-phone-1_69e4c209507e8\" class=\"forminator-input forminator-field--phone\" data-required=\"1\" aria-required=\"true\" autocomplete=\"off\" data-national_mode=\"enabled\" data-country=\"tr\" data-validation=\"standard\" \/><\/div><\/div><div id=\"email-1\" class=\"forminator-col forminator-col-4 \"><div class=\"forminator-field\"><label for=\"forminator-field-email-1_69e4c209507e8\" class=\"forminator-label\">E-posta Adresi <span class=\"forminator-required\">*<\/span><\/label><input type=\"email\" name=\"email-1\" value=\"\" placeholder=\"\" id=\"forminator-field-email-1_69e4c209507e8\" class=\"forminator-input forminator-email--field\" data-required=\"1\" aria-required=\"true\" \/><\/div><\/div><\/div><div class=\"forminator-row\"><div id=\"textarea-1\" class=\"forminator-col forminator-col-12 \"><div class=\"forminator-field\"><label for=\"forminator-field-textarea-1_69e4c209507e8\" class=\"forminator-label\">A\u00e7\u0131klama<\/label><textarea name=\"textarea-1\" placeholder=\"\" id=\"forminator-field-textarea-1_69e4c209507e8\" class=\"forminator-textarea\" rows=\"6\" style=\"min-height:140px;\" ><\/textarea><\/div><\/div><\/div><input type=\"hidden\" name=\"referer_url\" value=\"\" \/><div class=\"forminator-row forminator-row-last\"><div class=\"forminator-col\"><div class=\"forminator-field\"><button class=\"forminator-button forminator-button-submit\">Mesaj G&ouml;nder<\/button><\/div><\/div><\/div><input type=\"hidden\" id=\"forminator_nonce\" name=\"forminator_nonce\" value=\"fcc0bc0a0d\" \/><input type=\"hidden\" name=\"_wp_http_referer\" value=\"\/index.php?rest_route=%2Fwp%2Fv2%2Fpages%2F240\" \/><input type=\"hidden\" name=\"form_id\" value=\"250\"><input type=\"hidden\" name=\"page_id\" value=\"240\"><input type=\"hidden\" name=\"form_type\" value=\"default\"><input type=\"hidden\" name=\"current_url\" value=\"https:\/\/ekolartcevre.com.tr\/?page_id=240\"><input type=\"hidden\" name=\"render_id\" value=\"0\"><input type=\"hidden\" name=\"action\" value=\"forminator_submit_form_custom-forms\"><\/form><\/div>\n<\/div>\n<\/div>\n","protected":false},"excerpt":{"rendered":"<p>\u00c7evresel Etki De\u011ferlendirmesi Y\u00f6netmeli\u011fi ve \u00c7evresel Etki De\u011ferlendirmesi Yeterlik Belgesi Tebli\u011fi&nbsp; gere\u011fince \u00c7ED Olumlu karar\u0131 verilen projelerin proje sahibi; \u00c7ED s\u00fcrecinde \u0130nceleme De\u011ferlendirme Komisyonu taraf\u0131ndan belirlenen periyotlarda yat\u0131r\u0131mda kaydedilen geli\u015fmeleri i\u00e7eren Proje \u0130lerleme Raporunu T.C. \u00c7evre, \u015eehircilik ve \u0130klim De\u011fi\u015fikli\u011fi Bakanl\u0131\u011f\u0131ndan \u00c7ED Yeterlik Belgesine sahip Kurum\/Kurulu\u015flardan ve s\u00f6z konusu projeye ili\u015fkin \u00c7ED Raporunu haz\u0131rlamayan Kurum\/Kurulu\u015fa &hellip;<\/p>\n<p class=\"read-more\"> <a class=\"\" href=\"https:\/\/ekolartcevre.com.tr\/?page_id=240\"> <span class=\"screen-reader-text\">PROJE \u0130LERLEME RAPORLARI<\/span> Devam\u0131 &raquo;<\/a><\/p>\n","protected":false},"author":1,"featured_media":0,"parent":0,"menu_order":0,"comment_status":"closed","ping_status":"closed","template":"","meta":{"_uag_custom_page_level_css":"","site-sidebar-layout":"default","site-content-layout":"default","ast-global-header-display":"","ast-main-header-display":"","ast-hfb-above-header-display":"","ast-hfb-below-header-display":"","ast-hfb-mobile-header-display":"","site-post-title":"","ast-breadcrumbs-content":"","ast-featured-img":"","footer-sml-layout":"","theme-transparent-header-meta":"","adv-header-id-meta":"","stick-header-meta":"","header-above-stick-meta":"","header-main-stick-meta":"","header-below-stick-meta":""},"uagb_featured_image_src":{"full":false,"thumbnail":false,"medium":false,"medium_large":false,"large":false,"1536x1536":false,"2048x2048":false},"uagb_author_info":{"display_name":"admin","author_link":"https:\/\/ekolartcevre.com.tr\/?author=1"},"uagb_comment_info":0,"uagb_excerpt":"\u00c7evresel Etki De\u011ferlendirmesi Y\u00f6netmeli\u011fi ve \u00c7evresel Etki De\u011ferlendirmesi Yeterlik Belgesi Tebli\u011fi&nbsp; gere\u011fince \u00c7ED Olumlu karar\u0131 verilen projelerin proje sahibi; \u00c7ED s\u00fcrecinde \u0130nceleme De\u011ferlendirme Komisyonu taraf\u0131ndan belirlenen periyotlarda yat\u0131r\u0131mda kaydedilen geli\u015fmeleri i\u00e7eren Proje \u0130lerleme Raporunu T.C. \u00c7evre, \u015eehircilik ve \u0130klim De\u011fi\u015fikli\u011fi Bakanl\u0131\u011f\u0131ndan \u00c7ED Yeterlik Belgesine sahip Kurum\/Kurulu\u015flardan ve s\u00f6z konusu projeye ili\u015fkin \u00c7ED Raporunu haz\u0131rlamayan Kurum\/Kurulu\u015fa&hellip;","_links":{"self":[{"href":"https:\/\/ekolartcevre.com.tr\/index.php?rest_route=\/wp\/v2\/pages\/240"}],"collection":[{"href":"https:\/\/ekolartcevre.com.tr\/index.php?rest_route=\/wp\/v2\/pages"}],"about":[{"href":"https:\/\/ekolartcevre.com.tr\/index.php?rest_route=\/wp\/v2\/types\/page"}],"author":[{"embeddable":true,"href":"https:\/\/ekolartcevre.com.tr\/index.php?rest_route=\/wp\/v2\/users\/1"}],"replies":[{"embeddable":true,"href":"https:\/\/ekolartcevre.com.tr\/index.php?rest_route=%2Fwp%2Fv2%2Fcomments&post=240"}],"version-history":[{"count":4,"href":"https:\/\/ekolartcevre.com.tr\/index.php?rest_route=\/wp\/v2\/pages\/240\/revisions"}],"predecessor-version":[{"id":251,"href":"https:\/\/ekolartcevre.com.tr\/index.php?rest_route=\/wp\/v2\/pages\/240\/revisions\/251"}],"wp:attachment":[{"href":"https:\/\/ekolartcevre.com.tr\/index.php?rest_route=%2Fwp%2Fv2%2Fmedia&parent=240"}],"curies":[{"name":"wp","href":"https:\/\/api.w.org\/{rel}","templated":true}]}}