{"id":108,"date":"2023-03-16T08:17:37","date_gmt":"2023-03-16T08:17:37","guid":{"rendered":"http:\/\/ekolartcevre.com.tr\/?page_id=108"},"modified":"2023-06-22T05:10:55","modified_gmt":"2023-06-22T08:10:55","slug":"iletisim","status":"publish","type":"page","link":"https:\/\/ekolartcevre.com.tr\/","title":{"rendered":"\u0130LET\u0130\u015e\u0130M"},"content":{"rendered":"\n<div class=\"wp-block-uagb-container uagb-block-d57641e2 alignfull uagb-is-root-container\"><div class=\"uagb-container-inner-blocks-wrap\">\n<div class=\"wp-block-uagb-container uagb-block-c710c439\">\n<p>EKOLART \u00c7EVRE M\u00dcHEND\u0130SL\u0130K   H\u0130ZMETLER\u0130 DAN. \u0130N\u015e. TUR. MAK. \u0130ML. \u0130TH. \u0130HR. SAN. VE T\u0130C. LTD. \u015eT\u0130.<br><br>\u00d6ve\u00e7ler Mahallesi 1335. Cadde No. 20\/1 \u00c7ANKAYA \/ANKARA<\/p>\n\n\n\n<p><\/p>\n<\/div>\n\n\n\n<div class=\"wp-block-uagb-container uagb-block-9cc0fcd9\"><p><iframe src=\"https:\/\/www.google.com\/maps\/embed?pb=!1m18!1m12!1m3!1d3061.256104986011!2d32.82733607660301!3d39.890897971529014!2m3!1f0!2f0!3f0!3m2!1i1024!2i768!4f13.1!3m3!1m2!1s0x14d34524344304b5%3A0x4587aa3f8fc15712!2sEkolart%20%C3%87evre%20Ltd.%20%C5%9Eti.!5e0!3m2!1str!2str!4v1687421423560!5m2!1str!2str\" width=\"600\" height=\"450\" style=\"border:0;\" allowfullscreen=\"\" loading=\"lazy\" referrerpolicy=\"no-referrer-when-downgrade\"><\/iframe><\/p>\n<\/div>\n\n\n\n<div class=\"wp-block-uagb-container uagb-block-bd6dd066\">\n<p>PBX : 0 312 251 51 71<br>info@ekolartcevre.com.tr<br>Mersis : 0330053666500018<br>Tic. Sic. No : 388151<br>Kep : ekolart@hs03.kep.tr<br><\/p>\n\n\n\n<p><br><\/p>\n<\/div>\n<\/div><\/div>\n","protected":false},"excerpt":{"rendered":"","protected":false},"author":1,"featured_media":0,"parent":0,"menu_order":0,"comment_status":"closed","ping_status":"closed","template":"","meta":{"_uag_custom_page_level_css":"","site-sidebar-layout":"no-sidebar","site-content-layout":"narrow-container","ast-global-header-display":"","ast-main-header-display":"","ast-hfb-above-header-display":"","ast-hfb-below-header-display":"","ast-hfb-mobile-header-display":"","site-post-title":"","ast-breadcrumbs-content":"","ast-featured-img":"","footer-sml-layout":"","theme-transparent-header-meta":"","adv-header-id-meta":"","stick-header-meta":"","header-above-stick-meta":"","header-main-stick-meta":"","header-below-stick-meta":""},"uagb_featured_image_src":{"full":false,"thumbnail":false,"medium":false,"medium_large":false,"large":false,"1536x1536":false,"2048x2048":false},"uagb_author_info":{"display_name":"admin","author_link":"https:\/\/ekolartcevre.com.tr\/?author=1"},"uagb_comment_info":0,"uagb_excerpt":null,"_links":{"self":[{"href":"https:\/\/ekolartcevre.com.tr\/index.php?rest_route=\/wp\/v2\/pages\/108"}],"collection":[{"href":"https:\/\/ekolartcevre.com.tr\/index.php?rest_route=\/wp\/v2\/pages"}],"about":[{"href":"https:\/\/ekolartcevre.com.tr\/index.php?rest_route=\/wp\/v2\/types\/page"}],"author":[{"embeddable":true,"href":"https:\/\/ekolartcevre.com.tr\/index.php?rest_route=\/wp\/v2\/users\/1"}],"replies":[{"embeddable":true,"href":"https:\/\/ekolartcevre.com.tr\/index.php?rest_route=%2Fwp%2Fv2%2Fcomments&post=108"}],"version-history":[{"count":13,"href":"https:\/\/ekolartcevre.com.tr\/index.php?rest_route=\/wp\/v2\/pages\/108\/revisions"}],"predecessor-version":[{"id":246,"href":"https:\/\/ekolartcevre.com.tr\/index.php?rest_route=\/wp\/v2\/pages\/108\/revisions\/246"}],"wp:attachment":[{"href":"https:\/\/ekolartcevre.com.tr\/index.php?rest_route=%2Fwp%2Fv2%2Fmedia&parent=108"}],"curies":[{"name":"wp","href":"https:\/\/api.w.org\/{rel}","templated":true}]}}